{"id":233,"date":"2021-02-11T10:25:07","date_gmt":"2021-02-11T09:25:07","guid":{"rendered":"http:\/\/v2.co2-challenge.be\/?page_id=233"},"modified":"2021-02-11T13:59:33","modified_gmt":"2021-02-11T12:59:33","slug":"le-co2-challenge","status":"publish","type":"page","link":"https:\/\/co2-challenge.be\/","title":{"rendered":"Le CO2 Challenge"},"content":{"rendered":"<p style=\"text-align: center;\"><span style=\"font-weight: 400;\">Tous les jours, nous entendons que nous consommons trop d\u2019\u00e9nergie, que nous devons changer de comportement.<\/span><\/p>\n<p style=\"text-align: center;\"><span style=\"font-weight: 400;\">D\u2019ailleurs, les r\u00e9glementations sont en continuellement renforc\u00e9es afin de diminuer la consommation \u00e9nerg\u00e9tique de nos b\u00e2timents.<\/span><\/p>\n<p style=\"text-align: center;\"><span style=\"font-weight: 400;\">\u2026 pourquoi ne pas prendre ces impositions comme une opportunit\u00e9 ?<\/span><\/p>\n<p style=\"text-align: center;\"><span style=\"font-weight: 400;\">Une occasion de consommer moins et donc, de d\u00e9penser moins&nbsp;!<\/span><\/p>\n","protected":false},"excerpt":{"rendered":"<p>Tous les jours, nous entendons que nous consommons trop d\u2019\u00e9nergie, que nous devons changer de comportement. D\u2019ailleurs, les r\u00e9glementations sont en continuellement renforc\u00e9es afin de diminuer la consommation \u00e9nerg\u00e9tique de nos b\u00e2timents. \u2026 pourquoi ne pas prendre ces impositions comme une opportunit\u00e9 ? Une occasion de consommer moins et donc, de d\u00e9penser moins&nbsp;!<\/p>\n","protected":false},"author":1,"featured_media":0,"parent":0,"menu_order":0,"comment_status":"closed","ping_status":"closed","template":"","meta":{"footnotes":""},"class_list":["post-233","page","type-page","status-publish","hentry"],"_links":{"self":[{"href":"https:\/\/co2-challenge.be\/index.php?rest_route=\/wp\/v2\/pages\/233","targetHints":{"allow":["GET"]}}],"collection":[{"href":"https:\/\/co2-challenge.be\/index.php?rest_route=\/wp\/v2\/pages"}],"about":[{"href":"https:\/\/co2-challenge.be\/index.php?rest_route=\/wp\/v2\/types\/page"}],"author":[{"embeddable":true,"href":"https:\/\/co2-challenge.be\/index.php?rest_route=\/wp\/v2\/users\/1"}],"replies":[{"embeddable":true,"href":"https:\/\/co2-challenge.be\/index.php?rest_route=%2Fwp%2Fv2%2Fcomments&post=233"}],"version-history":[{"count":2,"href":"https:\/\/co2-challenge.be\/index.php?rest_route=\/wp\/v2\/pages\/233\/revisions"}],"predecessor-version":[{"id":235,"href":"https:\/\/co2-challenge.be\/index.php?rest_route=\/wp\/v2\/pages\/233\/revisions\/235"}],"wp:attachment":[{"href":"https:\/\/co2-challenge.be\/index.php?rest_route=%2Fwp%2Fv2%2Fmedia&parent=233"}],"curies":[{"name":"wp","href":"https:\/\/api.w.org\/{rel}","templated":true}]}}